{"id":3056,"date":"2024-11-30T22:48:49","date_gmt":"2024-11-30T22:48:49","guid":{"rendered":"https:\/\/www.printings-n.com\/produit\/affiche-photo-personnalisee-postersphotoquality\/"},"modified":"2024-11-30T22:48:50","modified_gmt":"2024-11-30T22:48:50","slug":"personalisiertes-fotoposter-postersphotoquality","status":"publish","type":"product","link":"https:\/\/www.printings-n.com\/de\/produkt\/personalisiertes-fotoposter-postersphotoquality\/","title":{"rendered":"Pers\u00f6nliches Fotoposter"},"content":{"rendered":"<p>Die gl\u00e4nzende und glatte Qualit\u00e4t dieses Posters macht es zur idealen Oberfl\u00e4che f\u00fcr den Druck Ihrer allt\u00e4glichen Fotos.<br \/>\n&lt;br&gt;&lt;br&gt;<br \/>\nHinweis: Das Aufh\u00e4ngungsset ist nicht im Lieferumfang enthalten. Suchen Sie ein anderes Format? Sehen Sie sich unsere klassischen Poster und Plakate an.<\/p>","protected":false},"excerpt":{"rendered":"<p>Die gl&auml;nzende und glatte Qualit&auml;t dieses Posters macht es zur idealen Oberfl&auml;che f&uuml;r den Druck Ihrer allt&auml;glichen Fotos. &lt;br&gt;&lt;br&gt; Hinweis: Das Aufh&auml;ngungsset ist nicht im Lieferumfang enthalten. Suchen Sie ein anderes Format? Sehen Sie sich unsere klassischen Poster und Plakate an.<\/p>","protected":false},"featured_media":3057,"comment_status":"open","ping_status":"closed","template":"","meta":[],"product_brand":[],"product_cat":[75],"product_tag":[],"class_list":{"0":"post-3056","1":"product","2":"type-product","3":"status-publish","4":"has-post-thumbnail","6":"product_cat-affiches","8":"first","9":"instock","10":"taxable","11":"shipping-taxable","12":"product-type-simple"},"_links":{"self":[{"href":"https:\/\/www.printings-n.com\/de\/wp-json\/wp\/v2\/product\/3056","targetHints":{"allow":["GET"]}}],"collection":[{"href":"https:\/\/www.printings-n.com\/de\/wp-json\/wp\/v2\/product"}],"about":[{"href":"https:\/\/www.printings-n.com\/de\/wp-json\/wp\/v2\/types\/product"}],"replies":[{"embeddable":true,"href":"https:\/\/www.printings-n.com\/de\/wp-json\/wp\/v2\/comments?post=3056"}],"wp:featuredmedia":[{"embeddable":true,"href":"https:\/\/www.printings-n.com\/de\/wp-json\/wp\/v2\/media\/3057"}],"wp:attachment":[{"href":"https:\/\/www.printings-n.com\/de\/wp-json\/wp\/v2\/media?parent=3056"}],"wp:term":[{"taxonomy":"product_brand","embeddable":true,"href":"https:\/\/www.printings-n.com\/de\/wp-json\/wp\/v2\/product_brand?post=3056"},{"taxonomy":"product_cat","embeddable":true,"href":"https:\/\/www.printings-n.com\/de\/wp-json\/wp\/v2\/product_cat?post=3056"},{"taxonomy":"product_tag","embeddable":true,"href":"https:\/\/www.printings-n.com\/de\/wp-json\/wp\/v2\/product_tag?post=3056"}],"curies":[{"name":"wp","href":"https:\/\/api.w.org\/{rel}","templated":true}]}}