{"id":3040,"date":"2024-11-30T22:48:00","date_gmt":"2024-11-30T22:48:00","guid":{"rendered":"https:\/\/www.printings-n.com\/produit\/affiches-a-dos-bleu-postersblueback\/"},"modified":"2024-11-30T22:48:01","modified_gmt":"2024-11-30T22:48:01","slug":"poster-mit-blauem-rucken-postersblueback","status":"publish","type":"product","link":"https:\/\/www.printings-n.com\/de\/produkt\/poster-mit-blauem-rucken-postersblueback\/","title":{"rendered":"Plakate mit blauem R\u00fccken"},"content":{"rendered":"<p>Plakate mit blauer R\u00fcckseite werden auf REH-Material gedruckt. Dabei handelt es sich um ein undurchsichtiges Papier, das nicht zeigt, was sich unter dem Poster befindet, und das allen Wetterbedingungen standh\u00e4lt. Das 115 g schwere Papier mit blauem R\u00fccken erm\u00f6glicht eine maximale Haftung von Klebstoff oder Paste auf allen Oberfl\u00e4chen und seine einfache Personalisierung macht es zu einem idealen Kommunikationsmedium f\u00fcr den Au\u00dfenbereich: U-Bahn, Stra\u00dfenbahn, Bus, Schilder usw.<\/p>","protected":false},"excerpt":{"rendered":"<p>Les affiches \u00e0 dos bleu sont imprim\u00e9es sur des supports REH. Il s&#039;agit d&#039;un papier opaque qui ne montre pas ce qui se trouve sous l&#039;affiche et qui r\u00e9siste \u00e0 toutes les conditions m\u00e9t\u00e9orologiques. Son papier dos bleu de 115 g permet une adh\u00e9rence maximale \u00e0 la colle ou \u00e0 la p\u00e2te sur toutes les [&hellip;]<\/p>\n","protected":false},"featured_media":3041,"comment_status":"open","ping_status":"closed","template":"","meta":[],"product_brand":[],"product_cat":[75],"product_tag":[],"class_list":{"0":"post-3040","1":"product","2":"type-product","3":"status-publish","4":"has-post-thumbnail","6":"product_cat-affiches","8":"first","9":"instock","10":"taxable","11":"shipping-taxable","12":"product-type-simple"},"_links":{"self":[{"href":"https:\/\/www.printings-n.com\/de\/wp-json\/wp\/v2\/product\/3040","targetHints":{"allow":["GET"]}}],"collection":[{"href":"https:\/\/www.printings-n.com\/de\/wp-json\/wp\/v2\/product"}],"about":[{"href":"https:\/\/www.printings-n.com\/de\/wp-json\/wp\/v2\/types\/product"}],"replies":[{"embeddable":true,"href":"https:\/\/www.printings-n.com\/de\/wp-json\/wp\/v2\/comments?post=3040"}],"wp:featuredmedia":[{"embeddable":true,"href":"https:\/\/www.printings-n.com\/de\/wp-json\/wp\/v2\/media\/3041"}],"wp:attachment":[{"href":"https:\/\/www.printings-n.com\/de\/wp-json\/wp\/v2\/media?parent=3040"}],"wp:term":[{"taxonomy":"product_brand","embeddable":true,"href":"https:\/\/www.printings-n.com\/de\/wp-json\/wp\/v2\/product_brand?post=3040"},{"taxonomy":"product_cat","embeddable":true,"href":"https:\/\/www.printings-n.com\/de\/wp-json\/wp\/v2\/product_cat?post=3040"},{"taxonomy":"product_tag","embeddable":true,"href":"https:\/\/www.printings-n.com\/de\/wp-json\/wp\/v2\/product_tag?post=3040"}],"curies":[{"name":"wp","href":"https:\/\/api.w.org\/{rel}","templated":true}]}}