{"id":2929,"date":"2024-11-30T22:41:52","date_gmt":"2024-11-30T22:41:52","guid":{"rendered":"https:\/\/www.printings-n.com\/produit\/verres-a-biere-32cl-prague-glassbeer032praque\/"},"modified":"2024-11-30T22:41:53","modified_gmt":"2024-11-30T22:41:53","slug":"bierglaser-32cl-prague-glassbeer032praque","status":"publish","type":"product","link":"https:\/\/www.printings-n.com\/de\/produkt\/bierglaser-32cl-prague-glassbeer032praque\/","title":{"rendered":"Biergl\u00e4ser 32cl Prag"},"content":{"rendered":"<p>Das 32-cl-Bierglas ist ein beliebtes Modell f\u00fcr die Verkostung von Wei\u00dfbieren und leichten Bieren, da seine Form die feinsten Aromen enth\u00fcllt. Das Glas hat einen hohen Wiedererkennungswert und wurde bereits von vielen Lokalen bestellt. Es ist bereits ab 36 St\u00fcck erh\u00e4ltlich und wird Sie bei jeder Feier begleiten.<\/p>","protected":false},"excerpt":{"rendered":"<p>Das 32-cl-Bierglas ist ein beliebtes Modell f\u00fcr die Verkostung von Wei\u00dfbieren und leichten Bieren, da seine Form die feinsten Aromen enth\u00fcllt. Das Glas hat einen hohen Wiedererkennungswert und wurde bereits von vielen Lokalen bestellt. Es ist bereits ab 36 St\u00fcck erh\u00e4ltlich und wird Sie bei jeder Feier begleiten.<\/p>","protected":false},"featured_media":2930,"comment_status":"open","ping_status":"closed","template":"","meta":[],"product_brand":[],"product_cat":[74],"product_tag":[],"class_list":{"0":"post-2929","1":"product","2":"type-product","3":"status-publish","4":"has-post-thumbnail","6":"product_cat-hotellerie-restauration","8":"first","9":"instock","10":"taxable","11":"shipping-taxable","12":"product-type-simple"},"_links":{"self":[{"href":"https:\/\/www.printings-n.com\/de\/wp-json\/wp\/v2\/product\/2929","targetHints":{"allow":["GET"]}}],"collection":[{"href":"https:\/\/www.printings-n.com\/de\/wp-json\/wp\/v2\/product"}],"about":[{"href":"https:\/\/www.printings-n.com\/de\/wp-json\/wp\/v2\/types\/product"}],"replies":[{"embeddable":true,"href":"https:\/\/www.printings-n.com\/de\/wp-json\/wp\/v2\/comments?post=2929"}],"wp:featuredmedia":[{"embeddable":true,"href":"https:\/\/www.printings-n.com\/de\/wp-json\/wp\/v2\/media\/2930"}],"wp:attachment":[{"href":"https:\/\/www.printings-n.com\/de\/wp-json\/wp\/v2\/media?parent=2929"}],"wp:term":[{"taxonomy":"product_brand","embeddable":true,"href":"https:\/\/www.printings-n.com\/de\/wp-json\/wp\/v2\/product_brand?post=2929"},{"taxonomy":"product_cat","embeddable":true,"href":"https:\/\/www.printings-n.com\/de\/wp-json\/wp\/v2\/product_cat?post=2929"},{"taxonomy":"product_tag","embeddable":true,"href":"https:\/\/www.printings-n.com\/de\/wp-json\/wp\/v2\/product_tag?post=2929"}],"curies":[{"name":"wp","href":"https:\/\/api.w.org\/{rel}","templated":true}]}}