{"id":2923,"date":"2024-11-30T22:41:42","date_gmt":"2024-11-30T22:41:42","guid":{"rendered":"https:\/\/www.printings-n.com\/produit\/ballons-punch-punchballoons\/"},"modified":"2024-11-30T22:41:43","modified_gmt":"2024-11-30T22:41:43","slug":"punchballons","status":"publish","type":"product","link":"https:\/\/www.printings-n.com\/de\/produkt\/punchballons\/","title":{"rendered":"Punschballons"},"content":{"rendered":"<p>Imprimez vos Ballons punch accrocheurs avec votre logo ! Chez [site_name], vous pouvez choisir entre plusieurs couleurs pour vos ballons et imprimer votre design sur une ou deux faces, en 1 couleur PMS ! Tous les ballons sont fabriqu\u00e9s en latex certifi\u00e9 et comportent un \u00e9lastique. De plus, le mat\u00e9riau est 100% biod\u00e9gradable.&lt;br&gt;&lt;br&gt;<br \/>\nNote : Votre ballon sera de la couleur que vous ayez choisie, tandis que votre logo ou votre design sera imprim\u00e9 dans une couleur diff\u00e9rente, correspondant \u00e0 celle de votre fichier.<\/p>\n<p>Note suppl\u00e9mentaire : Si vous choisissez l&#039;impression sur les deux faces, vous ne pouvez imprimer qu&#039;un seul motif sur les deux faces.<\/p>\n","protected":false},"excerpt":{"rendered":"<p>Imprimez vos Ballons punch accrocheurs avec votre logo ! Chez [site_name], vous pouvez choisir entre plusieurs couleurs pour vos ballons et imprimer votre design sur une ou deux faces, en 1 couleur PMS ! Tous les ballons sont fabriqu\u00e9s en latex certifi\u00e9 et comportent un \u00e9lastique. De plus, le mat\u00e9riau est 100% biod\u00e9gradable.&lt;br&gt;&lt;br&gt; Note : [&hellip;]<\/p>\n","protected":false},"featured_media":2924,"comment_status":"open","ping_status":"closed","template":"","meta":[],"product_brand":[],"product_cat":[74],"product_tag":[],"class_list":{"0":"post-2923","1":"product","2":"type-product","3":"status-publish","4":"has-post-thumbnail","6":"product_cat-hotellerie-restauration","8":"first","9":"instock","10":"taxable","11":"shipping-taxable","12":"product-type-simple"},"_links":{"self":[{"href":"https:\/\/www.printings-n.com\/de\/wp-json\/wp\/v2\/product\/2923","targetHints":{"allow":["GET"]}}],"collection":[{"href":"https:\/\/www.printings-n.com\/de\/wp-json\/wp\/v2\/product"}],"about":[{"href":"https:\/\/www.printings-n.com\/de\/wp-json\/wp\/v2\/types\/product"}],"replies":[{"embeddable":true,"href":"https:\/\/www.printings-n.com\/de\/wp-json\/wp\/v2\/comments?post=2923"}],"wp:featuredmedia":[{"embeddable":true,"href":"https:\/\/www.printings-n.com\/de\/wp-json\/wp\/v2\/media\/2924"}],"wp:attachment":[{"href":"https:\/\/www.printings-n.com\/de\/wp-json\/wp\/v2\/media?parent=2923"}],"wp:term":[{"taxonomy":"product_brand","embeddable":true,"href":"https:\/\/www.printings-n.com\/de\/wp-json\/wp\/v2\/product_brand?post=2923"},{"taxonomy":"product_cat","embeddable":true,"href":"https:\/\/www.printings-n.com\/de\/wp-json\/wp\/v2\/product_cat?post=2923"},{"taxonomy":"product_tag","embeddable":true,"href":"https:\/\/www.printings-n.com\/de\/wp-json\/wp\/v2\/product_tag?post=2923"}],"curies":[{"name":"wp","href":"https:\/\/api.w.org\/{rel}","templated":true}]}}