{"id":2917,"date":"2024-11-30T22:41:29","date_gmt":"2024-11-30T22:41:29","guid":{"rendered":"https:\/\/www.printings-n.com\/produit\/ballons-classiques-30cm-balloons\/"},"modified":"2024-11-30T22:41:30","modified_gmt":"2024-11-30T22:41:30","slug":"klassische-ballons-30cm-balloons","status":"publish","type":"product","link":"https:\/\/www.printings-n.com\/de\/produkt\/klassische-ballons-30cm-balloons\/","title":{"rendered":"Klassische Luftballons (30cm)"},"content":{"rendered":"<p>Erregen Sie Aufsehen mit selbst gestalteten Luftballons. Machen Sie sie einzigartig, indem Sie Ihr Logo oder Design hinzuf\u00fcgen! Sie sind in 8 Farben erh\u00e4ltlich und bestehen aus Naturlatex - einem erneuerbaren Material, das aus Kautschukb\u00e4umen gewonnen wird. Entscheiden Sie sich daf\u00fcr, B\u00e4nder hinzuzuf\u00fcgen, damit Sie die Ballons leicht verteilen k\u00f6nnen.<br \/>\n&lt;br&gt;&lt;br&gt;<br \/>\nHinweis: Beim doppelseitigen Druck werden wir das gleiche Bildmaterial auf beiden Seiten reproduzieren. &lt;br&gt;&lt;br&gt;<br \/>\nIhr Ballon wird die von Ihnen gew\u00e4hlte Farbe haben, w\u00e4hrend Ihr Logo oder Design in einer anderen Farbe gedruckt wird, die mit der Farbe Ihrer Datei \u00fcbereinstimmt.<\/p>","protected":false},"excerpt":{"rendered":"<p>Faites sensation avec des ballons personnalis\u00e9s, rendez les uniques en ajoutant votre logo ou votre design ! Ils existent en 8 couleurs et sont fabriqu\u00e9s en latex naturel &#8211; un mat\u00e9riau renouvelable issu de l&#039;h\u00e9v\u00e9a. Choisissez d&#039;ajouter des rubans, afin de pouvoir distribuer les ballons facilement. &lt;br&gt;&lt;br&gt; Note : Pour l&#039;impression recto-verso, nous reproduirons le [&hellip;]<\/p>\n","protected":false},"featured_media":2918,"comment_status":"open","ping_status":"closed","template":"","meta":[],"product_brand":[],"product_cat":[74],"product_tag":[],"class_list":{"0":"post-2917","1":"product","2":"type-product","3":"status-publish","4":"has-post-thumbnail","6":"product_cat-hotellerie-restauration","8":"first","9":"instock","10":"taxable","11":"shipping-taxable","12":"product-type-simple"},"_links":{"self":[{"href":"https:\/\/www.printings-n.com\/de\/wp-json\/wp\/v2\/product\/2917","targetHints":{"allow":["GET"]}}],"collection":[{"href":"https:\/\/www.printings-n.com\/de\/wp-json\/wp\/v2\/product"}],"about":[{"href":"https:\/\/www.printings-n.com\/de\/wp-json\/wp\/v2\/types\/product"}],"replies":[{"embeddable":true,"href":"https:\/\/www.printings-n.com\/de\/wp-json\/wp\/v2\/comments?post=2917"}],"wp:featuredmedia":[{"embeddable":true,"href":"https:\/\/www.printings-n.com\/de\/wp-json\/wp\/v2\/media\/2918"}],"wp:attachment":[{"href":"https:\/\/www.printings-n.com\/de\/wp-json\/wp\/v2\/media?parent=2917"}],"wp:term":[{"taxonomy":"product_brand","embeddable":true,"href":"https:\/\/www.printings-n.com\/de\/wp-json\/wp\/v2\/product_brand?post=2917"},{"taxonomy":"product_cat","embeddable":true,"href":"https:\/\/www.printings-n.com\/de\/wp-json\/wp\/v2\/product_cat?post=2917"},{"taxonomy":"product_tag","embeddable":true,"href":"https:\/\/www.printings-n.com\/de\/wp-json\/wp\/v2\/product_tag?post=2917"}],"curies":[{"name":"wp","href":"https:\/\/api.w.org\/{rel}","templated":true}]}}