{"id":2909,"date":"2024-11-30T22:38:25","date_gmt":"2024-11-30T22:38:25","guid":{"rendered":"https:\/\/www.printings-n.com\/produit\/depliant-1-pli-2-volets-foldedleafletshalffold5\/"},"modified":"2024-11-30T22:38:25","modified_gmt":"2024-11-30T22:38:25","slug":"depliant-1-pli-2-volets-foldedleafletshalffold5","status":"publish","type":"product","link":"https:\/\/www.printings-n.com\/de\/produkt\/depliant-1-pli-2-volets-foldedleafletshalffold5\/","title":{"rendered":"Faltblatt 1-fach - 2-fach"},"content":{"rendered":"<p>Les d\u00e9pliants \u00e0 deux volets de [site_name] sont un incontournable de l\u2019impression. Ces supports marketing polyvalents peuvent \u00eatre utilis\u00e9s de diff\u00e9rentes mani\u00e8res, qu&#039;il s&#039;agisse de les distribuer lors de salons professionnels ou d&#039;\u00e9v\u00e9nements ou de les glisser dans des journaux ou des magazines. Ils sont imprim\u00e9s sur du papier de haute qualit\u00e9 et sont disponibles dans une gamme de tailles pour r\u00e9pondre \u00e0 vos besoins. Choisissez parmi une vari\u00e9t\u00e9 de grammages et de finitions de papier pour cr\u00e9er un support professionnel et attrayant. Gr\u00e2ce \u00e0 nos d\u00e9lais de livraison rapides, vous aurez vos d\u00e9pliants pli\u00e9s en deux en un rien de temps ! &lt;br&gt;&lt;br&gt;<br \/>\nNote: Les d\u00e9pliants de 90 g, 135 g et 170 g sont toujours livr\u00e9s pli\u00e9s. Pour 250 g et plus, les d\u00e9pliants seront rain\u00e9s et parfois pli\u00e9s, selon la taille. Cela garantit la pr\u00e9servation de la qualit\u00e9 de votre impression.<\/p>\n","protected":false},"excerpt":{"rendered":"<p>Les d\u00e9pliants \u00e0 deux volets de [site_name] sont un incontournable de l\u2019impression. Ces supports marketing polyvalents peuvent \u00eatre utilis\u00e9s de diff\u00e9rentes mani\u00e8res, qu&#039;il s&#039;agisse de les distribuer lors de salons professionnels ou d&#039;\u00e9v\u00e9nements ou de les glisser dans des journaux ou des magazines. Ils sont imprim\u00e9s sur du papier de haute qualit\u00e9 et sont disponibles [&hellip;]<\/p>\n","protected":false},"featured_media":2910,"comment_status":"open","ping_status":"closed","template":"","meta":[],"product_brand":[],"product_cat":[73],"product_tag":[],"class_list":{"0":"post-2909","1":"product","2":"type-product","3":"status-publish","4":"has-post-thumbnail","6":"product_cat-depliants-plies","8":"first","9":"instock","10":"taxable","11":"shipping-taxable","12":"product-type-simple"},"_links":{"self":[{"href":"https:\/\/www.printings-n.com\/de\/wp-json\/wp\/v2\/product\/2909","targetHints":{"allow":["GET"]}}],"collection":[{"href":"https:\/\/www.printings-n.com\/de\/wp-json\/wp\/v2\/product"}],"about":[{"href":"https:\/\/www.printings-n.com\/de\/wp-json\/wp\/v2\/types\/product"}],"replies":[{"embeddable":true,"href":"https:\/\/www.printings-n.com\/de\/wp-json\/wp\/v2\/comments?post=2909"}],"wp:featuredmedia":[{"embeddable":true,"href":"https:\/\/www.printings-n.com\/de\/wp-json\/wp\/v2\/media\/2910"}],"wp:attachment":[{"href":"https:\/\/www.printings-n.com\/de\/wp-json\/wp\/v2\/media?parent=2909"}],"wp:term":[{"taxonomy":"product_brand","embeddable":true,"href":"https:\/\/www.printings-n.com\/de\/wp-json\/wp\/v2\/product_brand?post=2909"},{"taxonomy":"product_cat","embeddable":true,"href":"https:\/\/www.printings-n.com\/de\/wp-json\/wp\/v2\/product_cat?post=2909"},{"taxonomy":"product_tag","embeddable":true,"href":"https:\/\/www.printings-n.com\/de\/wp-json\/wp\/v2\/product_tag?post=2909"}],"curies":[{"name":"wp","href":"https:\/\/api.w.org\/{rel}","templated":true}]}}