{"id":2893,"date":"2024-11-30T22:36:08","date_gmt":"2024-11-30T22:36:08","guid":{"rendered":"https:\/\/www.printings-n.com\/produit\/cartes-de-visite-en-bois-businesscardsspecialmaterialwood\/"},"modified":"2024-11-30T22:36:08","modified_gmt":"2024-11-30T22:36:08","slug":"visitenkarten-aus-holz-businesscardsspecialmaterialwood","status":"publish","type":"product","link":"https:\/\/www.printings-n.com\/de\/produkt\/visitenkarten-aus-holz-businesscardsspecialmaterialwood\/","title":{"rendered":"Visitenkarten aus Holz"},"content":{"rendered":"<p>Aus hochwertigem Holz gefertigt, sind diese Karten nicht nur umweltfreundlich, sondern auch widerstandsf\u00e4hig und langlebig. In einer Welt, in der die digitale Kommunikation immer mehr an Bedeutung gewinnt, sorgen diese Holzkarten f\u00fcr eine originelle Erneuerung. Sie bieten potenziellen Kunden eine direkte M\u00f6glichkeit, mit Ihrem Unternehmen in Kontakt zu treten, und ihr robustes Aussehen wird einen bleibenden Eindruck hinterlassen. Die nat\u00fcrliche Maserung des Holzes sorgt f\u00fcr einen Hauch von Eleganz und Raffinesse, wodurch sich Ihr Unternehmen von anderen abhebt. Warum sollten Sie sich mit gew\u00f6hnlichen Papierkarten begn\u00fcgen, wenn Sie sich mit einem einzigartigen Stil von der Masse abheben k\u00f6nnen!<\/p>","protected":false},"excerpt":{"rendered":"<p>Fabriqu\u00e9es en bois de haute qualit\u00e9, ces cartes sont non seulement respectueuses de l&#039;environnement, mais aussi r\u00e9sistantes et durables. Dans un monde o\u00f9 la communication num\u00e9rique est de plus en plus r\u00e9pandue, ces cartes en bois apportent un renouveau original. Elles offrent aux clients potentiels un moyen direct d&#039;entrer en contact avec votre entreprise, et [&hellip;]<\/p>\n","protected":false},"featured_media":2894,"comment_status":"open","ping_status":"closed","template":"","meta":[],"product_brand":[],"product_cat":[72],"product_tag":[],"class_list":{"0":"post-2893","1":"product","2":"type-product","3":"status-publish","4":"has-post-thumbnail","6":"product_cat-cartes-de-visite","8":"first","9":"instock","10":"taxable","11":"shipping-taxable","12":"product-type-simple"},"_links":{"self":[{"href":"https:\/\/www.printings-n.com\/de\/wp-json\/wp\/v2\/product\/2893","targetHints":{"allow":["GET"]}}],"collection":[{"href":"https:\/\/www.printings-n.com\/de\/wp-json\/wp\/v2\/product"}],"about":[{"href":"https:\/\/www.printings-n.com\/de\/wp-json\/wp\/v2\/types\/product"}],"replies":[{"embeddable":true,"href":"https:\/\/www.printings-n.com\/de\/wp-json\/wp\/v2\/comments?post=2893"}],"wp:featuredmedia":[{"embeddable":true,"href":"https:\/\/www.printings-n.com\/de\/wp-json\/wp\/v2\/media\/2894"}],"wp:attachment":[{"href":"https:\/\/www.printings-n.com\/de\/wp-json\/wp\/v2\/media?parent=2893"}],"wp:term":[{"taxonomy":"product_brand","embeddable":true,"href":"https:\/\/www.printings-n.com\/de\/wp-json\/wp\/v2\/product_brand?post=2893"},{"taxonomy":"product_cat","embeddable":true,"href":"https:\/\/www.printings-n.com\/de\/wp-json\/wp\/v2\/product_cat?post=2893"},{"taxonomy":"product_tag","embeddable":true,"href":"https:\/\/www.printings-n.com\/de\/wp-json\/wp\/v2\/product_tag?post=2893"}],"curies":[{"name":"wp","href":"https:\/\/api.w.org\/{rel}","templated":true}]}}