{"id":2885,"date":"2024-11-30T22:35:54","date_gmt":"2024-11-30T22:35:54","guid":{"rendered":"https:\/\/www.printings-n.com\/produit\/cartes-pvc-avec-bande-magnetique-hico-businesscardspvcwhitehicomagneticstrip\/"},"modified":"2024-11-30T22:35:55","modified_gmt":"2024-11-30T22:35:55","slug":"pvc-karten-mit-magnetstreifen-hico-businesscardspvcwhitehicomagneticstrip","status":"publish","type":"product","link":"https:\/\/www.printings-n.com\/de\/produkt\/pvc-karten-mit-magnetstreifen-hico-businesscardspvcwhitehicomagneticstrip\/","title":{"rendered":"PVC-Karten mit HiCo-Magnetstreifen"},"content":{"rendered":"<p>Diese Karten mit Magnetstreifen sind aus wei\u00dfem, extrem widerstandsf\u00e4higem PVC gefertigt und k\u00f6nnen mit einer Bankkarte verglichen werden. PVC-Karten mit HiCo-Magnetstreifen sind ideal, wenn die auf der Karte gespeicherten Daten eine lange Lebensdauer haben oder nicht oft ge\u00e4ndert werden m\u00fcssen. Da ihr Magnetfeld st\u00e4rker ist als das von LoCo-Karten, werden Karten mit HiCo-Magnetstreifen meist f\u00fcr langfristige Anwendungen oder solche, die mehr Sicherheit erfordern, verwendet. Sie eignen sich ideal als Eintrittskarten f\u00fcr Unternehmen, Hotels, Schulen oder als Kundenkarten.<br \/>\n&lt;br&gt;<br \/>\nHinweis: Die HiCo- und LoCo-PVC-Karten m\u00fcssen von Ihnen aktiviert werden und sind f\u00fcr verschiedene Systeme geeignet. Bitte erkundigen Sie sich bei Ihrem Administrator, bevor Sie eine Bestellung aufgeben.<\/p>","protected":false},"excerpt":{"rendered":"<p>Ces cartes \u00e0 bande magn\u00e9tique sont con\u00e7ues en PVC blanc ultra r\u00e9sistant et peuvent \u00eatre compar\u00e9es \u00e0 une carte bancaire. Les cartes en PVC avec une bande magn\u00e9tique HiCo sont id\u00e9ales si les donn\u00e9es stock\u00e9es sur la carte ont une longue dur\u00e9e de vie ou n&#039;ont pas besoin d&#039;\u00eatre souvent modifi\u00e9es. En effet, leur champ [&hellip;]<\/p>\n","protected":false},"featured_media":2886,"comment_status":"open","ping_status":"closed","template":"","meta":[],"product_brand":[],"product_cat":[72],"product_tag":[],"class_list":{"0":"post-2885","1":"product","2":"type-product","3":"status-publish","4":"has-post-thumbnail","6":"product_cat-cartes-de-visite","8":"first","9":"instock","10":"taxable","11":"shipping-taxable","12":"product-type-simple"},"_links":{"self":[{"href":"https:\/\/www.printings-n.com\/de\/wp-json\/wp\/v2\/product\/2885","targetHints":{"allow":["GET"]}}],"collection":[{"href":"https:\/\/www.printings-n.com\/de\/wp-json\/wp\/v2\/product"}],"about":[{"href":"https:\/\/www.printings-n.com\/de\/wp-json\/wp\/v2\/types\/product"}],"replies":[{"embeddable":true,"href":"https:\/\/www.printings-n.com\/de\/wp-json\/wp\/v2\/comments?post=2885"}],"wp:featuredmedia":[{"embeddable":true,"href":"https:\/\/www.printings-n.com\/de\/wp-json\/wp\/v2\/media\/2886"}],"wp:attachment":[{"href":"https:\/\/www.printings-n.com\/de\/wp-json\/wp\/v2\/media?parent=2885"}],"wp:term":[{"taxonomy":"product_brand","embeddable":true,"href":"https:\/\/www.printings-n.com\/de\/wp-json\/wp\/v2\/product_brand?post=2885"},{"taxonomy":"product_cat","embeddable":true,"href":"https:\/\/www.printings-n.com\/de\/wp-json\/wp\/v2\/product_cat?post=2885"},{"taxonomy":"product_tag","embeddable":true,"href":"https:\/\/www.printings-n.com\/de\/wp-json\/wp\/v2\/product_tag?post=2885"}],"curies":[{"name":"wp","href":"https:\/\/api.w.org\/{rel}","templated":true}]}}